{"id":5936,"date":"2025-06-20T12:58:16","date_gmt":"2025-06-20T05:58:16","guid":{"rendered":"https:\/\/www.laundrykaron.com\/?page_id=5936"},"modified":"2025-06-24T14:35:01","modified_gmt":"2025-06-24T07:35:01","slug":"kata-na-pranie-bielizne","status":"publish","type":"page","link":"https:\/\/www.laundrykaron.com\/sk\/kata-na-pranie-bielizne\/","title":{"rendered":"Kata"},"content":{"rendered":"\t\t<div data-elementor-type=\"wp-page\" data-elementor-id=\"5936\" class=\"elementor elementor-5936\">\n\t\t\t\t\t\t<section class=\"elementor-section elementor-top-section elementor-element elementor-element-2b6165a elementor-section-full_width elementor-section-height-default elementor-section-height-default\" data-id=\"2b6165a\" data-element_type=\"section\" data-e-type=\"section\" data-settings=\"{&quot;jet_parallax_layout_list&quot;:[{&quot;jet_parallax_layout_image&quot;:{&quot;url&quot;:&quot;https:\\\/\\\/laundrykaron.com\\\/wp-content\\\/uploads\\\/2024\\\/04\\\/rezidans-home-particles.png&quot;,&quot;id&quot;:15,&quot;size&quot;:&quot;&quot;},&quot;_id&quot;:&quot;5f27541&quot;,&quot;jet_parallax_layout_z_index&quot;:1,&quot;jet_parallax_layout_bg_x&quot;:15.6,&quot;jet_parallax_layout_bg_y&quot;:12,&quot;jet_parallax_layout_image_tablet&quot;:{&quot;url&quot;:&quot;&quot;,&quot;id&quot;:&quot;&quot;,&quot;size&quot;:&quot;&quot;},&quot;jet_parallax_layout_image_mobile&quot;:{&quot;url&quot;:&quot;&quot;,&quot;id&quot;:&quot;&quot;,&quot;size&quot;:&quot;&quot;},&quot;jet_parallax_layout_speed&quot;:{&quot;unit&quot;:&quot;%&quot;,&quot;size&quot;:50,&quot;sizes&quot;:[]},&quot;jet_parallax_layout_type&quot;:&quot;scroll&quot;,&quot;jet_parallax_layout_direction&quot;:&quot;1&quot;,&quot;jet_parallax_layout_fx_direction&quot;:null,&quot;jet_parallax_layout_bg_x_tablet&quot;:&quot;&quot;,&quot;jet_parallax_layout_bg_x_mobile&quot;:&quot;&quot;,&quot;jet_parallax_layout_bg_y_tablet&quot;:&quot;&quot;,&quot;jet_parallax_layout_bg_y_mobile&quot;:&quot;&quot;,&quot;jet_parallax_layout_bg_size&quot;:&quot;auto&quot;,&quot;jet_parallax_layout_bg_size_tablet&quot;:&quot;&quot;,&quot;jet_parallax_layout_bg_size_mobile&quot;:&quot;&quot;,&quot;jet_parallax_layout_animation_prop&quot;:&quot;transform&quot;,&quot;jet_parallax_layout_on&quot;:[&quot;desktop&quot;,&quot;tablet&quot;]}]}\">\n\t\t\t\t\t\t<div class=\"elementor-container elementor-column-gap-no\">\n\t\t\t\t\t<div class=\"elementor-column elementor-col-100 elementor-top-column elementor-element elementor-element-c39a905\" data-id=\"c39a905\" data-element_type=\"column\" data-e-type=\"column\" data-settings=\"{&quot;background_background&quot;:&quot;classic&quot;}\">\n\t\t\t<div class=\"elementor-widget-wrap elementor-element-populated\">\n\t\t\t\t\t\t<div class=\"elementor-element elementor-element-175cfc1 elementor-widget__width-initial elementor-widget elementor-widget-heading\" data-id=\"175cfc1\" data-element_type=\"widget\" data-e-type=\"widget\" data-widget_type=\"heading.default\">\n\t\t\t\t\t<h2 class=\"elementor-heading-title elementor-size-default\">Don't worry, our front is in process, but inside we're working on your clothes !<\/h2>\t\t\t\t<\/div>\n\t\t\t\t<div class=\"elementor-element elementor-element-dfb9d86 elementor-absolute elementor-widget elementor-widget-heading\" data-id=\"dfb9d86\" data-element_type=\"widget\" data-e-type=\"widget\" data-settings=\"{&quot;_position&quot;:&quot;absolute&quot;}\" data-widget_type=\"heading.default\">\n\t\t\t\t\t<h2 class=\"elementor-heading-title elementor-size-default\">Laundry Kata<\/h2>\t\t\t\t<\/div>\n\t\t\t\t\t<\/div>\n\t\t<\/div>\n\t\t\t\t\t<\/div>\n\t\t<\/section>\n\t\t<div class=\"elementor-element elementor-element-d505270 e-flex e-con-boxed e-con e-parent\" data-id=\"d505270\" data-element_type=\"container\" data-e-type=\"container\" data-settings=\"{&quot;jet_parallax_layout_list&quot;:[]}\">\n\t\t\t\t\t<div class=\"e-con-inner\">\n\t\t\t\t<div class=\"elementor-element elementor-element-458bd10 elementor-widget__width-initial elementor-widget elementor-widget-heading\" data-id=\"458bd10\" data-element_type=\"widget\" data-e-type=\"widget\" data-widget_type=\"heading.default\">\n\t\t\t\t\t<h2 class=\"elementor-heading-title elementor-size-default\">Don't worry, our front of the store is under construction, but inside we are working on your clothes.<\/h2>\t\t\t\t<\/div>\n\t\t\t\t\t<\/div>\n\t\t\t\t<\/div>\n\t\t<div class=\"elementor-element elementor-element-c05bdf2 e-flex e-con-boxed e-con e-parent\" data-id=\"c05bdf2\" data-element_type=\"container\" data-e-type=\"container\" data-settings=\"{&quot;jet_parallax_layout_list&quot;:[]}\">\n\t\t\t\t\t<div class=\"e-con-inner\">\n\t\t\t\t<div class=\"elementor-element elementor-element-367c9fa elementor-widget elementor-widget-heading\" data-id=\"367c9fa\" data-element_type=\"widget\" data-e-type=\"widget\" data-widget_type=\"heading.default\">\n\t\t\t\t\t<h2 class=\"elementor-heading-title elementor-size-default\">You can already order our service  at :<\/h2>\t\t\t\t<\/div>\n\t\t\t\t\t<\/div>\n\t\t\t\t<\/div>\n\t\t<div class=\"elementor-element elementor-element-5ca1604 e-flex e-con-boxed e-con e-parent\" data-id=\"5ca1604\" data-element_type=\"container\" data-e-type=\"container\" data-settings=\"{&quot;jet_parallax_layout_list&quot;:[]}\">\n\t\t\t\t\t<div class=\"e-con-inner\">\n\t\t\t\t<div class=\"elementor-element elementor-element-7ebdc9b elementor-widget elementor-widget-jet-listing-dynamic-link\" data-id=\"7ebdc9b\" data-element_type=\"widget\" data-e-type=\"widget\" data-widget_type=\"jet-listing-dynamic-link.default\">\n\t\t\t\t\t<div class=\"jet-listing jet-listing-dynamic-link\"><a href=\"https:\/\/www.laundrykata.com\/sk\/#https:\/\/www.laundrykaron.com\/sk\/kata-na-pranie-bielizne\/\" class=\"jet-listing-dynamic-link__link\"><span class=\"jet-listing-dynamic-link__label\">www.LaundryKata.com<\/span><\/a><\/div>\t\t\t\t<\/div>\n\t\t\t\t\t<\/div>\n\t\t\t\t<\/div>\n\t\t<div class=\"elementor-element elementor-element-df10c9e e-flex e-con-boxed e-con e-parent\" data-id=\"df10c9e\" data-element_type=\"container\" data-e-type=\"container\" data-settings=\"{&quot;jet_parallax_layout_list&quot;:[]}\">\n\t\t\t\t\t<div class=\"e-con-inner\">\n\t\t\t\t<div class=\"elementor-element elementor-element-556f120 elementor-widget elementor-widget-heading\" data-id=\"556f120\" data-element_type=\"widget\" data-e-type=\"widget\" data-widget_type=\"heading.default\">\n\t\t\t\t\t<h3 class=\"elementor-heading-title elementor-size-default\">Don\u00b4t air your dirty laundry. Use our cleaning service....<\/h3>\t\t\t\t<\/div>\n\t\t\t\t\t<\/div>\n\t\t\t\t<\/div>\n\t\t<div class=\"elementor-element elementor-element-1dbd882 e-flex e-con-boxed e-con e-parent\" data-id=\"1dbd882\" data-element_type=\"container\" data-e-type=\"container\" data-settings=\"{&quot;jet_parallax_layout_list&quot;:[]}\">\n\t\t\t\t\t<div class=\"e-con-inner\">\n\t\t\t\t<div class=\"elementor-element elementor-element-47c8d16 elementor-widget__width-initial elementor-widget elementor-widget-image-gallery\" data-id=\"47c8d16\" data-element_type=\"widget\" data-e-type=\"widget\" data-widget_type=\"image-gallery.default\">\n\t\t\t\t\t\t\t<div class=\"elementor-image-gallery\">\n\t\t\t<div id='gallery-1' class='gallery galleryid-5936 gallery-columns-6 gallery-size-kava-thumb-justify'><figure class='gallery-item'>\n\t\t\t<div class='gallery-icon landscape'>\n\t\t\t\t<a data-elementor-open-lightbox=\"yes\" data-elementor-lightbox-slideshow=\"47c8d16\" data-elementor-lightbox-title=\"WhatsApp Image 2025-06-19 at 12.54.50_9e3cadcc\" data-e-action-hash=\"#elementor-action%3Aaction%3Dlightbox%26settings%3DeyJpZCI6NTk0NywidXJsIjoiaHR0cHM6XC9cL3d3dy5sYXVuZHJ5a2Fyb24uY29tXC93cC1jb250ZW50XC91cGxvYWRzXC8yMDI1XC8wNlwvV2hhdHNBcHAtSW1hZ2UtMjAyNS0wNi0xOS1hdC0xMi41NC41MF85ZTNjYWRjYy5qcGciLCJzbGlkZXNob3ciOiI0N2M4ZDE2In0%3D\" href='https:\/\/www.laundrykaron.com\/wp-content\/uploads\/2025\/06\/WhatsApp-Image-2025-06-19-at-12.54.50_9e3cadcc.jpg'><img fetchpriority=\"high\" decoding=\"async\" width=\"640\" height=\"640\" src=\"https:\/\/www.laundrykaron.com\/wp-content\/uploads\/2025\/06\/WhatsApp-Image-2025-06-19-at-12.54.50_9e3cadcc-640x640.jpg\" class=\"attachment-kava-thumb-justify size-kava-thumb-justify\" alt=\"\" srcset=\"https:\/\/www.laundrykaron.com\/wp-content\/uploads\/2025\/06\/WhatsApp-Image-2025-06-19-at-12.54.50_9e3cadcc-640x640.jpg 640w, https:\/\/www.laundrykaron.com\/wp-content\/uploads\/2025\/06\/WhatsApp-Image-2025-06-19-at-12.54.50_9e3cadcc-150x150.jpg 150w, https:\/\/www.laundrykaron.com\/wp-content\/uploads\/2025\/06\/WhatsApp-Image-2025-06-19-at-12.54.50_9e3cadcc-230x230.jpg 230w, https:\/\/www.laundrykaron.com\/wp-content\/uploads\/2025\/06\/WhatsApp-Image-2025-06-19-at-12.54.50_9e3cadcc-400x400.jpg 400w\" sizes=\"(max-width: 640px) 100vw, 640px\" \/><\/a>\n\t\t\t<\/div><\/figure><figure class='gallery-item'>\n\t\t\t<div class='gallery-icon portrait'>\n\t\t\t\t<a data-elementor-open-lightbox=\"yes\" data-elementor-lightbox-slideshow=\"47c8d16\" data-elementor-lightbox-title=\"WhatsApp Image 2025-06-19 at 12.38.19_816faad4\" data-e-action-hash=\"#elementor-action%3Aaction%3Dlightbox%26settings%3DeyJpZCI6NTk0OCwidXJsIjoiaHR0cHM6XC9cL3d3dy5sYXVuZHJ5a2Fyb24uY29tXC93cC1jb250ZW50XC91cGxvYWRzXC8yMDI1XC8wNlwvV2hhdHNBcHAtSW1hZ2UtMjAyNS0wNi0xOS1hdC0xMi4zOC4xOV84MTZmYWFkNC5qcGciLCJzbGlkZXNob3ciOiI0N2M4ZDE2In0%3D\" href='https:\/\/www.laundrykaron.com\/wp-content\/uploads\/2025\/06\/WhatsApp-Image-2025-06-19-at-12.38.19_816faad4.jpg'><img decoding=\"async\" width=\"640\" height=\"640\" src=\"https:\/\/www.laundrykaron.com\/wp-content\/uploads\/2025\/06\/WhatsApp-Image-2025-06-19-at-12.38.19_816faad4-640x640.jpg\" class=\"attachment-kava-thumb-justify size-kava-thumb-justify\" alt=\"\" srcset=\"https:\/\/www.laundrykaron.com\/wp-content\/uploads\/2025\/06\/WhatsApp-Image-2025-06-19-at-12.38.19_816faad4-640x640.jpg 640w, https:\/\/www.laundrykaron.com\/wp-content\/uploads\/2025\/06\/WhatsApp-Image-2025-06-19-at-12.38.19_816faad4-150x150.jpg 150w, https:\/\/www.laundrykaron.com\/wp-content\/uploads\/2025\/06\/WhatsApp-Image-2025-06-19-at-12.38.19_816faad4-230x230.jpg 230w, https:\/\/www.laundrykaron.com\/wp-content\/uploads\/2025\/06\/WhatsApp-Image-2025-06-19-at-12.38.19_816faad4-400x400.jpg 400w\" sizes=\"(max-width: 640px) 100vw, 640px\" \/><\/a>\n\t\t\t<\/div><\/figure><figure class='gallery-item'>\n\t\t\t<div class='gallery-icon portrait'>\n\t\t\t\t<a data-elementor-open-lightbox=\"yes\" data-elementor-lightbox-slideshow=\"47c8d16\" data-elementor-lightbox-title=\"WhatsApp Image 2025-06-19 at 12.42.02_5fb619c2\" data-e-action-hash=\"#elementor-action%3Aaction%3Dlightbox%26settings%3DeyJpZCI6NTk0OSwidXJsIjoiaHR0cHM6XC9cL3d3dy5sYXVuZHJ5a2Fyb24uY29tXC93cC1jb250ZW50XC91cGxvYWRzXC8yMDI1XC8wNlwvV2hhdHNBcHAtSW1hZ2UtMjAyNS0wNi0xOS1hdC0xMi40Mi4wMl81ZmI2MTljMi5qcGciLCJzbGlkZXNob3ciOiI0N2M4ZDE2In0%3D\" href='https:\/\/www.laundrykaron.com\/wp-content\/uploads\/2025\/06\/WhatsApp-Image-2025-06-19-at-12.42.02_5fb619c2.jpg'><img decoding=\"async\" width=\"640\" height=\"640\" src=\"https:\/\/www.laundrykaron.com\/wp-content\/uploads\/2025\/06\/WhatsApp-Image-2025-06-19-at-12.42.02_5fb619c2-640x640.jpg\" class=\"attachment-kava-thumb-justify size-kava-thumb-justify\" alt=\"\" srcset=\"https:\/\/www.laundrykaron.com\/wp-content\/uploads\/2025\/06\/WhatsApp-Image-2025-06-19-at-12.42.02_5fb619c2-640x640.jpg 640w, https:\/\/www.laundrykaron.com\/wp-content\/uploads\/2025\/06\/WhatsApp-Image-2025-06-19-at-12.42.02_5fb619c2-150x150.jpg 150w, https:\/\/www.laundrykaron.com\/wp-content\/uploads\/2025\/06\/WhatsApp-Image-2025-06-19-at-12.42.02_5fb619c2-230x230.jpg 230w, https:\/\/www.laundrykaron.com\/wp-content\/uploads\/2025\/06\/WhatsApp-Image-2025-06-19-at-12.42.02_5fb619c2-400x400.jpg 400w\" sizes=\"(max-width: 640px) 100vw, 640px\" \/><\/a>\n\t\t\t<\/div><\/figure><figure class='gallery-item'>\n\t\t\t<div class='gallery-icon portrait'>\n\t\t\t\t<a data-elementor-open-lightbox=\"yes\" data-elementor-lightbox-slideshow=\"47c8d16\" data-elementor-lightbox-title=\"WhatsApp Image 2025-06-19 at 12.42.03_d1a160ce\" data-e-action-hash=\"#elementor-action%3Aaction%3Dlightbox%26settings%3DeyJpZCI6NTk1MCwidXJsIjoiaHR0cHM6XC9cL3d3dy5sYXVuZHJ5a2Fyb24uY29tXC93cC1jb250ZW50XC91cGxvYWRzXC8yMDI1XC8wNlwvV2hhdHNBcHAtSW1hZ2UtMjAyNS0wNi0xOS1hdC0xMi40Mi4wM19kMWExNjBjZS5qcGciLCJzbGlkZXNob3ciOiI0N2M4ZDE2In0%3D\" href='https:\/\/www.laundrykaron.com\/wp-content\/uploads\/2025\/06\/WhatsApp-Image-2025-06-19-at-12.42.03_d1a160ce.jpg'><img loading=\"lazy\" decoding=\"async\" width=\"640\" height=\"640\" src=\"https:\/\/www.laundrykaron.com\/wp-content\/uploads\/2025\/06\/WhatsApp-Image-2025-06-19-at-12.42.03_d1a160ce-640x640.jpg\" class=\"attachment-kava-thumb-justify size-kava-thumb-justify\" alt=\"\" srcset=\"https:\/\/www.laundrykaron.com\/wp-content\/uploads\/2025\/06\/WhatsApp-Image-2025-06-19-at-12.42.03_d1a160ce-640x640.jpg 640w, https:\/\/www.laundrykaron.com\/wp-content\/uploads\/2025\/06\/WhatsApp-Image-2025-06-19-at-12.42.03_d1a160ce-150x150.jpg 150w, https:\/\/www.laundrykaron.com\/wp-content\/uploads\/2025\/06\/WhatsApp-Image-2025-06-19-at-12.42.03_d1a160ce-230x230.jpg 230w, https:\/\/www.laundrykaron.com\/wp-content\/uploads\/2025\/06\/WhatsApp-Image-2025-06-19-at-12.42.03_d1a160ce-400x400.jpg 400w\" sizes=\"(max-width: 640px) 100vw, 640px\" \/><\/a>\n\t\t\t<\/div><\/figure><figure class='gallery-item'>\n\t\t\t<div class='gallery-icon portrait'>\n\t\t\t\t<a data-elementor-open-lightbox=\"yes\" data-elementor-lightbox-slideshow=\"47c8d16\" data-elementor-lightbox-title=\"WhatsApp Image 2025-06-19 at 12.54.52_989474a2\" data-e-action-hash=\"#elementor-action%3Aaction%3Dlightbox%26settings%3DeyJpZCI6NTk1MSwidXJsIjoiaHR0cHM6XC9cL3d3dy5sYXVuZHJ5a2Fyb24uY29tXC93cC1jb250ZW50XC91cGxvYWRzXC8yMDI1XC8wNlwvV2hhdHNBcHAtSW1hZ2UtMjAyNS0wNi0xOS1hdC0xMi41NC41Ml85ODk0NzRhMi5qcGciLCJzbGlkZXNob3ciOiI0N2M4ZDE2In0%3D\" href='https:\/\/www.laundrykaron.com\/wp-content\/uploads\/2025\/06\/WhatsApp-Image-2025-06-19-at-12.54.52_989474a2.jpg'><img loading=\"lazy\" decoding=\"async\" width=\"640\" height=\"640\" src=\"https:\/\/www.laundrykaron.com\/wp-content\/uploads\/2025\/06\/WhatsApp-Image-2025-06-19-at-12.54.52_989474a2-640x640.jpg\" class=\"attachment-kava-thumb-justify size-kava-thumb-justify\" alt=\"\" srcset=\"https:\/\/www.laundrykaron.com\/wp-content\/uploads\/2025\/06\/WhatsApp-Image-2025-06-19-at-12.54.52_989474a2-640x640.jpg 640w, https:\/\/www.laundrykaron.com\/wp-content\/uploads\/2025\/06\/WhatsApp-Image-2025-06-19-at-12.54.52_989474a2-150x150.jpg 150w, https:\/\/www.laundrykaron.com\/wp-content\/uploads\/2025\/06\/WhatsApp-Image-2025-06-19-at-12.54.52_989474a2-230x230.jpg 230w, https:\/\/www.laundrykaron.com\/wp-content\/uploads\/2025\/06\/WhatsApp-Image-2025-06-19-at-12.54.52_989474a2-400x400.jpg 400w\" sizes=\"(max-width: 640px) 100vw, 640px\" \/><\/a>\n\t\t\t<\/div><\/figure><figure class='gallery-item'>\n\t\t\t<div class='gallery-icon portrait'>\n\t\t\t\t<a data-elementor-open-lightbox=\"yes\" data-elementor-lightbox-slideshow=\"47c8d16\" data-elementor-lightbox-title=\"WhatsApp Image 2025-06-19 at 12.59.39_23037dcf\" data-e-action-hash=\"#elementor-action%3Aaction%3Dlightbox%26settings%3DeyJpZCI6NTk1MiwidXJsIjoiaHR0cHM6XC9cL3d3dy5sYXVuZHJ5a2Fyb24uY29tXC93cC1jb250ZW50XC91cGxvYWRzXC8yMDI1XC8wNlwvV2hhdHNBcHAtSW1hZ2UtMjAyNS0wNi0xOS1hdC0xMi41OS4zOV8yMzAzN2RjZi5qcGciLCJzbGlkZXNob3ciOiI0N2M4ZDE2In0%3D\" href='https:\/\/www.laundrykaron.com\/wp-content\/uploads\/2025\/06\/WhatsApp-Image-2025-06-19-at-12.59.39_23037dcf.jpg'><img loading=\"lazy\" decoding=\"async\" width=\"640\" height=\"640\" src=\"https:\/\/www.laundrykaron.com\/wp-content\/uploads\/2025\/06\/WhatsApp-Image-2025-06-19-at-12.59.39_23037dcf-640x640.jpg\" class=\"attachment-kava-thumb-justify size-kava-thumb-justify\" alt=\"\" srcset=\"https:\/\/www.laundrykaron.com\/wp-content\/uploads\/2025\/06\/WhatsApp-Image-2025-06-19-at-12.59.39_23037dcf-640x640.jpg 640w, https:\/\/www.laundrykaron.com\/wp-content\/uploads\/2025\/06\/WhatsApp-Image-2025-06-19-at-12.59.39_23037dcf-150x150.jpg 150w, https:\/\/www.laundrykaron.com\/wp-content\/uploads\/2025\/06\/WhatsApp-Image-2025-06-19-at-12.59.39_23037dcf-230x230.jpg 230w, https:\/\/www.laundrykaron.com\/wp-content\/uploads\/2025\/06\/WhatsApp-Image-2025-06-19-at-12.59.39_23037dcf-400x400.jpg 400w\" sizes=\"(max-width: 640px) 100vw, 640px\" \/><\/a>\n\t\t\t<\/div><\/figure>\n\t\t<\/div>\n\t\t<\/div>\n\t\t\t\t\t\t<\/div>\n\t\t\t\t\t<\/div>\n\t\t\t\t<\/div>\n\t\t\t\t<\/div>\n\t\t","protected":false},"excerpt":{"rendered":"<p>Nebojte sa, na\u0161a predn\u00e1 \u010das\u0165 je v procese, ale vn\u00fatri pracujeme na va\u0161om oble\u010den\u00ed ! Pr\u00e1\u010dov\u0148a Kata Nebojte sa, predn\u00e1 \u010das\u0165 n\u00e1\u0161ho obchodu je v procese v\u00fdstavby, ale vn\u00fatri pracujeme na va\u0161om oble\u010den\u00ed. U\u017e teraz si m\u00f4\u017eete objedna\u0165 na\u0161e slu\u017eby na : www.LaundryKata.com Nevetrajte \u0161pinav\u00fa bielize\u0148. Vyu\u017eite na\u0161e \u010distiace slu\u017eby....<\/p>","protected":false},"author":3,"featured_media":0,"parent":0,"menu_order":0,"comment_status":"closed","ping_status":"closed","template":"","meta":{"_jf_save_progress":"","footnotes":""},"class_list":["post-5936","page","type-page","status-publish","hentry"],"yoast_head":"<!-- This site is optimized with the Yoast SEO Premium plugin v26.9 (Yoast SEO v27.1.1) - https:\/\/yoast.com\/product\/yoast-seo-premium-wordpress\/ -->\n<title>Kata - Laundry Karon<\/title>\n<meta name=\"robots\" content=\"index, follow, max-snippet:-1, max-image-preview:large, max-video-preview:-1\" \/>\n<link rel=\"canonical\" href=\"https:\/\/www.laundrykaron.com\/sk\/kata-na-pranie-bielizne\/\" \/>\n<meta property=\"og:locale\" content=\"sk_SK\" \/>\n<meta property=\"og:type\" content=\"article\" \/>\n<meta property=\"og:title\" content=\"Kata\" \/>\n<meta property=\"og:description\" content=\"Don&#8217;t worry, our front is in process, but inside we&#8217;re working on your clothes ! Laundry Kata Don&#8217;t worry, our front of the store is under construction, but inside we are working on your clothes. You can already order our service at : www.LaundryKata.com Don\u00b4t air your dirty laundry. Use our cleaning service&#8230;.\" \/>\n<meta property=\"og:url\" content=\"https:\/\/www.laundrykaron.com\/sk\/kata-na-pranie-bielizne\/\" \/>\n<meta property=\"og:site_name\" content=\"Laundry Karon\" \/>\n<meta property=\"article:modified_time\" content=\"2025-06-24T07:35:01+00:00\" \/>\n<meta property=\"og:image\" content=\"https:\/\/www.laundrykaron.com\/wp-content\/uploads\/2025\/06\/WhatsApp-Image-2025-06-19-at-12.54.50_9e3cadcc-640x640.jpg\" \/>\n<meta name=\"twitter:card\" content=\"summary_large_image\" \/>\n<script type=\"application\/ld+json\" class=\"yoast-schema-graph\">{\"@context\":\"https:\/\/schema.org\",\"@graph\":[{\"@type\":\"WebPage\",\"@id\":\"https:\/\/www.laundrykaron.com\/zh\/%e6%b4%97%e8%a1%a3%e5%bd%a2\/\",\"url\":\"https:\/\/www.laundrykaron.com\/zh\/%e6%b4%97%e8%a1%a3%e5%bd%a2\/\",\"name\":\"Kata - Laundry Karon\",\"isPartOf\":{\"@id\":\"https:\/\/www.laundrykaron.com\/ar\/#website\"},\"primaryImageOfPage\":{\"@id\":\"https:\/\/www.laundrykaron.com\/zh\/%e6%b4%97%e8%a1%a3%e5%bd%a2\/#primaryimage\"},\"image\":{\"@id\":\"https:\/\/www.laundrykaron.com\/zh\/%e6%b4%97%e8%a1%a3%e5%bd%a2\/#primaryimage\"},\"thumbnailUrl\":\"https:\/\/www.laundrykaron.com\/wp-content\/uploads\/2025\/06\/WhatsApp-Image-2025-06-19-at-12.54.50_9e3cadcc-640x640.jpg\",\"datePublished\":\"2025-06-20T05:58:16+00:00\",\"dateModified\":\"2025-06-24T07:35:01+00:00\",\"breadcrumb\":{\"@id\":\"https:\/\/www.laundrykaron.com\/zh\/%e6%b4%97%e8%a1%a3%e5%bd%a2\/#breadcrumb\"},\"inLanguage\":\"sk-SK\",\"potentialAction\":[{\"@type\":\"ReadAction\",\"target\":[\"https:\/\/www.laundrykaron.com\/zh\/%e6%b4%97%e8%a1%a3%e5%bd%a2\/\"]}]},{\"@type\":\"ImageObject\",\"inLanguage\":\"sk-SK\",\"@id\":\"https:\/\/www.laundrykaron.com\/zh\/%e6%b4%97%e8%a1%a3%e5%bd%a2\/#primaryimage\",\"url\":\"https:\/\/www.laundrykaron.com\/wp-content\/uploads\/2025\/06\/WhatsApp-Image-2025-06-19-at-12.54.50_9e3cadcc-640x640.jpg\",\"contentUrl\":\"https:\/\/www.laundrykaron.com\/wp-content\/uploads\/2025\/06\/WhatsApp-Image-2025-06-19-at-12.54.50_9e3cadcc-640x640.jpg\"},{\"@type\":\"BreadcrumbList\",\"@id\":\"https:\/\/www.laundrykaron.com\/zh\/%e6%b4%97%e8%a1%a3%e5%bd%a2\/#breadcrumb\",\"itemListElement\":[{\"@type\":\"ListItem\",\"position\":1,\"name\":\"Home\",\"item\":\"https:\/\/www.laundrykaron.com\/\"},{\"@type\":\"ListItem\",\"position\":2,\"name\":\"Kata\"}]},{\"@type\":\"WebSite\",\"@id\":\"https:\/\/www.laundrykaron.com\/ar\/#website\",\"url\":\"https:\/\/www.laundrykaron.com\/ar\/\",\"name\":\"Laundry Karon\",\"description\":\"\",\"potentialAction\":[{\"@type\":\"SearchAction\",\"target\":{\"@type\":\"EntryPoint\",\"urlTemplate\":\"https:\/\/www.laundrykaron.com\/ar\/?s={search_term_string}\"},\"query-input\":{\"@type\":\"PropertyValueSpecification\",\"valueRequired\":true,\"valueName\":\"search_term_string\"}}],\"inLanguage\":\"sk-SK\"}]}<\/script>\n<!-- \/ Yoast SEO Premium plugin. -->","yoast_head_json":{"title":"Kata - Pr\u00e1\u010dov\u0148a Karon","robots":{"index":"index","follow":"follow","max-snippet":"max-snippet:-1","max-image-preview":"max-image-preview:large","max-video-preview":"max-video-preview:-1"},"canonical":"https:\/\/www.laundrykaron.com\/sk\/kata-na-pranie-bielizne\/","og_locale":"sk_SK","og_type":"article","og_title":"Kata","og_description":"Don&#8217;t worry, our front is in process, but inside we&#8217;re working on your clothes ! Laundry Kata Don&#8217;t worry, our front of the store is under construction, but inside we are working on your clothes. You can already order our service at : www.LaundryKata.com Don\u00b4t air your dirty laundry. Use our cleaning service&#8230;.","og_url":"https:\/\/www.laundrykaron.com\/sk\/kata-na-pranie-bielizne\/","og_site_name":"Laundry Karon","article_modified_time":"2025-06-24T07:35:01+00:00","og_image":[{"url":"https:\/\/www.laundrykaron.com\/wp-content\/uploads\/2025\/06\/WhatsApp-Image-2025-06-19-at-12.54.50_9e3cadcc-640x640.jpg","type":"","width":"","height":""}],"twitter_card":"summary_large_image","schema":{"@context":"https:\/\/schema.org","@graph":[{"@type":"WebPage","@id":"https:\/\/www.laundrykaron.com\/zh\/%e6%b4%97%e8%a1%a3%e5%bd%a2\/","url":"https:\/\/www.laundrykaron.com\/zh\/%e6%b4%97%e8%a1%a3%e5%bd%a2\/","name":"Kata - Pr\u00e1\u010dov\u0148a Karon","isPartOf":{"@id":"https:\/\/www.laundrykaron.com\/ar\/#website"},"primaryImageOfPage":{"@id":"https:\/\/www.laundrykaron.com\/zh\/%e6%b4%97%e8%a1%a3%e5%bd%a2\/#primaryimage"},"image":{"@id":"https:\/\/www.laundrykaron.com\/zh\/%e6%b4%97%e8%a1%a3%e5%bd%a2\/#primaryimage"},"thumbnailUrl":"https:\/\/www.laundrykaron.com\/wp-content\/uploads\/2025\/06\/WhatsApp-Image-2025-06-19-at-12.54.50_9e3cadcc-640x640.jpg","datePublished":"2025-06-20T05:58:16+00:00","dateModified":"2025-06-24T07:35:01+00:00","breadcrumb":{"@id":"https:\/\/www.laundrykaron.com\/zh\/%e6%b4%97%e8%a1%a3%e5%bd%a2\/#breadcrumb"},"inLanguage":"sk-SK","potentialAction":[{"@type":"ReadAction","target":["https:\/\/www.laundrykaron.com\/zh\/%e6%b4%97%e8%a1%a3%e5%bd%a2\/"]}]},{"@type":"ImageObject","inLanguage":"sk-SK","@id":"https:\/\/www.laundrykaron.com\/zh\/%e6%b4%97%e8%a1%a3%e5%bd%a2\/#primaryimage","url":"https:\/\/www.laundrykaron.com\/wp-content\/uploads\/2025\/06\/WhatsApp-Image-2025-06-19-at-12.54.50_9e3cadcc-640x640.jpg","contentUrl":"https:\/\/www.laundrykaron.com\/wp-content\/uploads\/2025\/06\/WhatsApp-Image-2025-06-19-at-12.54.50_9e3cadcc-640x640.jpg"},{"@type":"BreadcrumbList","@id":"https:\/\/www.laundrykaron.com\/zh\/%e6%b4%97%e8%a1%a3%e5%bd%a2\/#breadcrumb","itemListElement":[{"@type":"ListItem","position":1,"name":"Home","item":"https:\/\/www.laundrykaron.com\/"},{"@type":"ListItem","position":2,"name":"Kata"}]},{"@type":"WebSite","@id":"https:\/\/www.laundrykaron.com\/ar\/#website","url":"https:\/\/www.laundrykaron.com\/ar\/","name":"Pr\u00e1\u010dov\u0148a Karon","description":"","potentialAction":[{"@type":"SearchAction","target":{"@type":"EntryPoint","urlTemplate":"https:\/\/www.laundrykaron.com\/ar\/?s={search_term_string}"},"query-input":{"@type":"PropertyValueSpecification","valueRequired":true,"valueName":"search_term_string"}}],"inLanguage":"sk-SK"}]}},"_links":{"self":[{"href":"https:\/\/www.laundrykaron.com\/sk\/wp-json\/wp\/v2\/pages\/5936","targetHints":{"allow":["GET"]}}],"collection":[{"href":"https:\/\/www.laundrykaron.com\/sk\/wp-json\/wp\/v2\/pages"}],"about":[{"href":"https:\/\/www.laundrykaron.com\/sk\/wp-json\/wp\/v2\/types\/page"}],"author":[{"embeddable":true,"href":"https:\/\/www.laundrykaron.com\/sk\/wp-json\/wp\/v2\/users\/3"}],"replies":[{"embeddable":true,"href":"https:\/\/www.laundrykaron.com\/sk\/wp-json\/wp\/v2\/comments?post=5936"}],"version-history":[{"count":13,"href":"https:\/\/www.laundrykaron.com\/sk\/wp-json\/wp\/v2\/pages\/5936\/revisions"}],"predecessor-version":[{"id":6111,"href":"https:\/\/www.laundrykaron.com\/sk\/wp-json\/wp\/v2\/pages\/5936\/revisions\/6111"}],"wp:attachment":[{"href":"https:\/\/www.laundrykaron.com\/sk\/wp-json\/wp\/v2\/media?parent=5936"}],"curies":[{"name":"wp","href":"https:\/\/api.w.org\/{rel}","templated":true}]}}