{"id":2059,"date":"2024-11-29T08:36:41","date_gmt":"2024-11-29T08:36:41","guid":{"rendered":"https:\/\/www.laundrykaron.com\/?page_id=2059"},"modified":"2025-01-30T08:27:22","modified_gmt":"2025-01-30T08:27:22","slug":"blog","status":"publish","type":"page","link":"https:\/\/www.laundrykaron.com\/sk\/blog\/","title":{"rendered":"N\u00e1\u0161 blog o pr\u00e1\u010dovni (v Karone a v\u0161eobecne)"},"content":{"rendered":"<div data-elementor-type=\"wp-page\" data-elementor-id=\"2059\" class=\"elementor elementor-2059\">\n\t\t\t\t<div class=\"elementor-element elementor-element-4a3a5c3 e-flex e-con-boxed e-con e-parent\" data-id=\"4a3a5c3\" data-element_type=\"container\" data-e-type=\"container\" data-settings=\"{&quot;jet_parallax_layout_list&quot;:[]}\">\n\t\t\t\t\t<div class=\"e-con-inner\">\n\t\t\t\t<div class=\"elementor-element elementor-element-95d179e elementor-widget elementor-widget-jet-posts\" data-id=\"95d179e\" data-element_type=\"widget\" data-e-type=\"widget\" data-settings=\"{&quot;columns&quot;:3,&quot;slides_to_scroll&quot;:&quot;1&quot;}\" data-widget_type=\"jet-posts.default\">\n\t\t\t\t<div class=\"elementor-widget-container\">\n\t\t\t\t\t<div class=\"elementor-jet-posts jet-elements\"><div class=\"jet-posts col-row\"><div class=\"jet-posts__item\">\n\t<div class=\"jet-posts__inner-box\"><div class=\"post-thumbnail\"><a href=\"https:\/\/www.laundrykaron.com\/sk\/boj-proti-plesniam-sprievodca-pranim-pre-vlhke-podnebie\/\" class=\"post-thumbnail__link\"><img loading=\"lazy\" decoding=\"async\" class=\"post-thumbnail__img wp-post-image\" src=\"https:\/\/www.laundrykaron.com\/wp-content\/uploads\/2025\/07\/mold-370x265.png\" alt=\"Boj proti plesniam: Sprievodca pran\u00edm vo vlhkom podneb\u00ed\" width=\"370\" height=\"265\"><\/a><\/div><div class=\"jet-posts__inner-content\"><h2 class=\"entry-title\"><a href=\"https:\/\/www.laundrykaron.com\/sk\/boj-proti-plesniam-sprievodca-pranim-pre-vlhke-podnebie\/\" target=\"\">Boj proti plesniam: Sprievodca pran\u00edm vo vlhkom podneb\u00ed<\/a><\/h2><div class=\"post-meta\"><span class=\"posted-by post-meta__item\">Pridal <a href=\"https:\/\/www.laundrykaron.com\/sk\/author\/sura\/\"  class=\"posted-by__author\" rel=\"author\">Alexandra F<\/a><\/span><span class=\"post__date post-meta__item\"><a href=\"https:\/\/www.laundrykaron.com\/sk\/2025\/07\/10\/\"  class=\"post__date-link\" ><time datetime=\"2025-07-10T14:13:24+07:00\" title=\"2025-07-10T14:13:24+07:00\">10\/07\/2025<\/time><\/a><\/span><span class=\"post__comments post-meta__item\">Koment\u00e1re: <a href=\"https:\/\/www.laundrykaron.com\/sk\/boj-proti-plesniam-sprievodca-pranim-pre-vlhke-podnebie\/#respond\"  class=\"post__comments-link\">0<\/a><\/span><\/div><div class=\"entry-excerpt\">Boj proti plesniam a hub\u00e1m: Sprievodca pran\u00edm vo vlhkom podneb\u00ed Ni\u010d sa nevyrovn\u00e1 pocitu svie\u017eeho, \u010dist\u00e9ho pr\u00e1dla....<\/div><div class=\"jet-more-wrap\"><a href=\"https:\/\/www.laundrykaron.com\/sk\/boj-proti-plesniam-sprievodca-pranim-pre-vlhke-podnebie\/\" class=\"btn btn-primary elementor-button elementor-size-md jet-more\" target=\"\"><span class=\"btn__text\">\u010c\u00edtajte viac<\/span><\/a><\/div><\/div><\/div>\n<\/div>\n<div class=\"jet-posts__item\">\n\t<div class=\"jet-posts__inner-box\"><div class=\"post-thumbnail\"><a href=\"https:\/\/www.laundrykaron.com\/sk\/navod-na-zehlenie-bielizne\/\" class=\"post-thumbnail__link\"><img loading=\"lazy\" decoding=\"async\" class=\"post-thumbnail__img wp-post-image\" src=\"https:\/\/www.laundrykaron.com\/wp-content\/uploads\/2025\/06\/ironing-370x265.png\" alt=\"Starostlivos\u0165 o bielize\u0148 - Pokyny na \u017eehlenie\" width=\"370\" height=\"265\"><\/a><\/div><div class=\"jet-posts__inner-content\"><h2 class=\"entry-title\"><a href=\"https:\/\/www.laundrykaron.com\/sk\/navod-na-zehlenie-bielizne\/\" target=\"\">Starostlivos\u0165 o bielize\u0148 - Pokyny na \u017eehlenie<\/a><\/h2><div class=\"post-meta\"><span class=\"posted-by post-meta__item\">Pridal <a href=\"https:\/\/www.laundrykaron.com\/sk\/author\/sura\/\"  class=\"posted-by__author\" rel=\"author\">Alexandra F<\/a><\/span><span class=\"post__date post-meta__item\"><a href=\"https:\/\/www.laundrykaron.com\/sk\/2025\/06\/05\/\"  class=\"post__date-link\" ><time datetime=\"2025-06-05T13:33:43+07:00\" title=\"2025-06-05T13:33:43+07:00\">05\/06\/2025<\/time><\/a><\/span><span class=\"post__comments post-meta__item\">Koment\u00e1re: <a href=\"https:\/\/www.laundrykaron.com\/sk\/navod-na-zehlenie-bielizne\/#respond\"  class=\"post__comments-link\">0<\/a><\/span><\/div><div class=\"entry-excerpt\">Ako \u017eehli\u0165? Jednoduch\u00e9... \u017dehlenie m\u00f4\u017ee by\u0165 pre niekoho povinnos\u0165ou, pre in\u00e9ho relaxom. Nech u\u017e patr\u00edte do ktorejko\u013evek skupiny...<\/div><div class=\"jet-more-wrap\"><a href=\"https:\/\/www.laundrykaron.com\/sk\/navod-na-zehlenie-bielizne\/\" class=\"btn btn-primary elementor-button elementor-size-md jet-more\" target=\"\"><span class=\"btn__text\">\u010c\u00edtajte viac<\/span><\/a><\/div><\/div><\/div>\n<\/div>\n<div class=\"jet-posts__item\">\n\t<div class=\"jet-posts__inner-box\"><div class=\"post-thumbnail\"><a href=\"https:\/\/www.laundrykaron.com\/sk\/navod-na-susenie-bielizne\/\" class=\"post-thumbnail__link\"><img loading=\"lazy\" decoding=\"async\" class=\"post-thumbnail__img wp-post-image\" src=\"https:\/\/www.laundrykaron.com\/wp-content\/uploads\/2025\/03\/9-370x265.png\" alt=\"Starostlivos\u0165 o bielize\u0148 - pokyny na su\u0161enie\" width=\"370\" height=\"265\"><\/a><\/div><div class=\"jet-posts__inner-content\"><h2 class=\"entry-title\"><a href=\"https:\/\/www.laundrykaron.com\/sk\/navod-na-susenie-bielizne\/\" target=\"\">Starostlivos\u0165 o bielize\u0148 - pokyny na su\u0161enie<\/a><\/h2><div class=\"post-meta\"><span class=\"posted-by post-meta__item\">Pridal <a href=\"https:\/\/www.laundrykaron.com\/sk\/author\/sura\/\"  class=\"posted-by__author\" rel=\"author\">Alexandra F<\/a><\/span><span class=\"post__date post-meta__item\"><a href=\"https:\/\/www.laundrykaron.com\/sk\/2025\/03\/04\/\"  class=\"post__date-link\" ><time datetime=\"2025-03-04T11:50:00+07:00\" title=\"2025-03-04T11:50:00+07:00\">04\/03\/2025<\/time><\/a><\/span><span class=\"post__comments post-meta__item\">Koment\u00e1re: <a href=\"https:\/\/www.laundrykaron.com\/sk\/navod-na-susenie-bielizne\/#respond\"  class=\"post__comments-link\">0<\/a><\/span><\/div><div class=\"entry-excerpt\">Tu je \u010fal\u0161ia u\u017eito\u010dn\u00e1 pr\u00edru\u010dka. Je \u010doraz viac symbolov, ktor\u00fdm mus\u00edme rozumie\u0165, aby sme mohli...<\/div><div class=\"jet-more-wrap\"><a href=\"https:\/\/www.laundrykaron.com\/sk\/navod-na-susenie-bielizne\/\" class=\"btn btn-primary elementor-button elementor-size-md jet-more\" target=\"\"><span class=\"btn__text\">\u010c\u00edtajte viac<\/span><\/a><\/div><\/div><\/div>\n<\/div>\n<\/div>\n<\/div>\t\t\t\t<\/div>\n\t\t\t\t<\/div>\n\t\t\t\t\t<\/div>\n\t\t\t\t<\/div>\n\t\t\t\t<\/div>","protected":false},"excerpt":{"rendered":"<p>pokus Posted by romanJanuary 30, 2025Comments: 0pokus 2Read More Stains? Not anymore! Posted by Alexandra FJanuary 9, 2025Comments: 0We know, that stains sucks&#8230; Who would like a stain on their favorite clothes?\u00a0 Accidents happen, however, and that\u00b4s why&hellip;Read More How Laundry Karon started Posted by romanJanuary 4, 2025Comments: 0It all started by coincidence. Our other [&hellip;]<\/p>\n","protected":false},"author":3,"featured_media":0,"parent":0,"menu_order":0,"comment_status":"closed","ping_status":"closed","template":"","meta":{"_jf_save_progress":"","footnotes":""},"class_list":["post-2059","page","type-page","status-publish","hentry"],"yoast_head":"<!-- This site is optimized with the Yoast SEO Premium plugin v26.9 (Yoast SEO v27.1.1) - https:\/\/yoast.com\/product\/yoast-seo-premium-wordpress\/ -->\n<title>Our blog about Laundry (in Karon and in general) - Laundry Karon<\/title>\n<meta name=\"robots\" content=\"index, follow, max-snippet:-1, max-image-preview:large, max-video-preview:-1\" \/>\n<link rel=\"canonical\" href=\"https:\/\/www.laundrykaron.com\/sk\/blog\/\" \/>\n<meta property=\"og:locale\" content=\"sk_SK\" \/>\n<meta property=\"og:type\" content=\"article\" \/>\n<meta property=\"og:title\" content=\"Our blog about Laundry (in Karon and in general)\" \/>\n<meta property=\"og:description\" content=\"pokus Posted by romanJanuary 30, 2025Comments: 0pokus 2Read More Stains? Not anymore! Posted by Alexandra FJanuary 9, 2025Comments: 0We know, that stains sucks&#8230; Who would like a stain on their favorite clothes?\u00a0 Accidents happen, however, and that\u00b4s why&hellip;Read More How Laundry Karon started Posted by romanJanuary 4, 2025Comments: 0It all started by coincidence. Our other [&hellip;]\" \/>\n<meta property=\"og:url\" content=\"https:\/\/www.laundrykaron.com\/sk\/blog\/\" \/>\n<meta property=\"og:site_name\" content=\"Laundry Karon\" \/>\n<meta property=\"article:modified_time\" content=\"2025-01-30T08:27:22+00:00\" \/>\n<meta property=\"og:image\" content=\"https:\/\/www.laundrykaron.com\/wp-content\/uploads\/2024\/12\/L1-370x265.png\" \/>\n<meta name=\"twitter:card\" content=\"summary_large_image\" \/>\n<script type=\"application\/ld+json\" class=\"yoast-schema-graph\">{\"@context\":\"https:\/\/schema.org\",\"@graph\":[{\"@type\":\"WebPage\",\"@id\":\"https:\/\/www.laundrykaron.com\/blog\/\",\"url\":\"https:\/\/www.laundrykaron.com\/blog\/\",\"name\":\"Our blog about Laundry (in Karon and in general) - Laundry Karon\",\"isPartOf\":{\"@id\":\"https:\/\/www.laundrykaron.com\/ar\/#website\"},\"primaryImageOfPage\":{\"@id\":\"https:\/\/www.laundrykaron.com\/blog\/#primaryimage\"},\"image\":{\"@id\":\"https:\/\/www.laundrykaron.com\/blog\/#primaryimage\"},\"thumbnailUrl\":\"https:\/\/www.laundrykaron.com\/wp-content\/uploads\/2024\/12\/L1-370x265.png\",\"datePublished\":\"2024-11-29T08:36:41+00:00\",\"dateModified\":\"2025-01-30T08:27:22+00:00\",\"breadcrumb\":{\"@id\":\"https:\/\/www.laundrykaron.com\/blog\/#breadcrumb\"},\"inLanguage\":\"sk-SK\",\"potentialAction\":[{\"@type\":\"ReadAction\",\"target\":[\"https:\/\/www.laundrykaron.com\/blog\/\"]}]},{\"@type\":\"ImageObject\",\"inLanguage\":\"sk-SK\",\"@id\":\"https:\/\/www.laundrykaron.com\/blog\/#primaryimage\",\"url\":\"https:\/\/www.laundrykaron.com\/wp-content\/uploads\/2024\/12\/L1-370x265.png\",\"contentUrl\":\"https:\/\/www.laundrykaron.com\/wp-content\/uploads\/2024\/12\/L1-370x265.png\"},{\"@type\":\"BreadcrumbList\",\"@id\":\"https:\/\/www.laundrykaron.com\/blog\/#breadcrumb\",\"itemListElement\":[{\"@type\":\"ListItem\",\"position\":1,\"name\":\"Home\",\"item\":\"https:\/\/www.laundrykaron.com\/\"},{\"@type\":\"ListItem\",\"position\":2,\"name\":\"Our blog about Laundry (in Karon and in general)\"}]},{\"@type\":\"WebSite\",\"@id\":\"https:\/\/www.laundrykaron.com\/ar\/#website\",\"url\":\"https:\/\/www.laundrykaron.com\/ar\/\",\"name\":\"Laundry Karon\",\"description\":\"\",\"potentialAction\":[{\"@type\":\"SearchAction\",\"target\":{\"@type\":\"EntryPoint\",\"urlTemplate\":\"https:\/\/www.laundrykaron.com\/ar\/?s={search_term_string}\"},\"query-input\":{\"@type\":\"PropertyValueSpecification\",\"valueRequired\":true,\"valueName\":\"search_term_string\"}}],\"inLanguage\":\"sk-SK\"}]}<\/script>\n<!-- \/ Yoast SEO Premium plugin. -->","yoast_head_json":{"title":"N\u00e1\u0161 blog o pr\u00e1\u010dovni (v Karone a v\u0161eobecne) - Pr\u00e1\u010dov\u0148a Karon","robots":{"index":"index","follow":"follow","max-snippet":"max-snippet:-1","max-image-preview":"max-image-preview:large","max-video-preview":"max-video-preview:-1"},"canonical":"https:\/\/www.laundrykaron.com\/sk\/blog\/","og_locale":"sk_SK","og_type":"article","og_title":"Our blog about Laundry (in Karon and in general)","og_description":"pokus Posted by romanJanuary 30, 2025Comments: 0pokus 2Read More Stains? Not anymore! Posted by Alexandra FJanuary 9, 2025Comments: 0We know, that stains sucks&#8230; Who would like a stain on their favorite clothes?\u00a0 Accidents happen, however, and that\u00b4s why&hellip;Read More How Laundry Karon started Posted by romanJanuary 4, 2025Comments: 0It all started by coincidence. Our other [&hellip;]","og_url":"https:\/\/www.laundrykaron.com\/sk\/blog\/","og_site_name":"Laundry Karon","article_modified_time":"2025-01-30T08:27:22+00:00","og_image":[{"url":"https:\/\/www.laundrykaron.com\/wp-content\/uploads\/2024\/12\/L1-370x265.png","type":"","width":"","height":""}],"twitter_card":"summary_large_image","schema":{"@context":"https:\/\/schema.org","@graph":[{"@type":"WebPage","@id":"https:\/\/www.laundrykaron.com\/blog\/","url":"https:\/\/www.laundrykaron.com\/blog\/","name":"N\u00e1\u0161 blog o pr\u00e1\u010dovni (v Karone a v\u0161eobecne) - Pr\u00e1\u010dov\u0148a Karon","isPartOf":{"@id":"https:\/\/www.laundrykaron.com\/ar\/#website"},"primaryImageOfPage":{"@id":"https:\/\/www.laundrykaron.com\/blog\/#primaryimage"},"image":{"@id":"https:\/\/www.laundrykaron.com\/blog\/#primaryimage"},"thumbnailUrl":"https:\/\/www.laundrykaron.com\/wp-content\/uploads\/2024\/12\/L1-370x265.png","datePublished":"2024-11-29T08:36:41+00:00","dateModified":"2025-01-30T08:27:22+00:00","breadcrumb":{"@id":"https:\/\/www.laundrykaron.com\/blog\/#breadcrumb"},"inLanguage":"sk-SK","potentialAction":[{"@type":"ReadAction","target":["https:\/\/www.laundrykaron.com\/blog\/"]}]},{"@type":"ImageObject","inLanguage":"sk-SK","@id":"https:\/\/www.laundrykaron.com\/blog\/#primaryimage","url":"https:\/\/www.laundrykaron.com\/wp-content\/uploads\/2024\/12\/L1-370x265.png","contentUrl":"https:\/\/www.laundrykaron.com\/wp-content\/uploads\/2024\/12\/L1-370x265.png"},{"@type":"BreadcrumbList","@id":"https:\/\/www.laundrykaron.com\/blog\/#breadcrumb","itemListElement":[{"@type":"ListItem","position":1,"name":"Home","item":"https:\/\/www.laundrykaron.com\/"},{"@type":"ListItem","position":2,"name":"Our blog about Laundry (in Karon and in general)"}]},{"@type":"WebSite","@id":"https:\/\/www.laundrykaron.com\/ar\/#website","url":"https:\/\/www.laundrykaron.com\/ar\/","name":"Pr\u00e1\u010dov\u0148a Karon","description":"","potentialAction":[{"@type":"SearchAction","target":{"@type":"EntryPoint","urlTemplate":"https:\/\/www.laundrykaron.com\/ar\/?s={search_term_string}"},"query-input":{"@type":"PropertyValueSpecification","valueRequired":true,"valueName":"search_term_string"}}],"inLanguage":"sk-SK"}]}},"_links":{"self":[{"href":"https:\/\/www.laundrykaron.com\/sk\/wp-json\/wp\/v2\/pages\/2059","targetHints":{"allow":["GET"]}}],"collection":[{"href":"https:\/\/www.laundrykaron.com\/sk\/wp-json\/wp\/v2\/pages"}],"about":[{"href":"https:\/\/www.laundrykaron.com\/sk\/wp-json\/wp\/v2\/types\/page"}],"author":[{"embeddable":true,"href":"https:\/\/www.laundrykaron.com\/sk\/wp-json\/wp\/v2\/users\/3"}],"replies":[{"embeddable":true,"href":"https:\/\/www.laundrykaron.com\/sk\/wp-json\/wp\/v2\/comments?post=2059"}],"version-history":[{"count":17,"href":"https:\/\/www.laundrykaron.com\/sk\/wp-json\/wp\/v2\/pages\/2059\/revisions"}],"predecessor-version":[{"id":2406,"href":"https:\/\/www.laundrykaron.com\/sk\/wp-json\/wp\/v2\/pages\/2059\/revisions\/2406"}],"wp:attachment":[{"href":"https:\/\/www.laundrykaron.com\/sk\/wp-json\/wp\/v2\/media?parent=2059"}],"curies":[{"name":"wp","href":"https:\/\/api.w.org\/{rel}","templated":true}]}}